{"id":1916,"date":"2021-02-02T14:37:42","date_gmt":"2021-02-02T11:37:42","guid":{"rendered":"https:\/\/statiholding.md\/?page_id=1916"},"modified":"2021-02-13T21:55:18","modified_gmt":"2021-02-13T18:55:18","slug":"termeni-de-utilizare","status":"publish","type":"page","link":"https:\/\/statiholding.md\/ro\/termeni-de-utilizare\/","title":{"rendered":"TERMENI DE UTILIZARE"},"content":{"rendered":"\n<p>Utilizarea acestui site web constituie un acord cu urm\u0103torii termeni:<\/p>\n\n\n\n<p><\/p>\n\n\n\n<ul><li>&#8222;Stati Holding&#8221; ofer\u0103 acces gratuit la acest site web (&#8222;site&#8221;) pentru toate persoanele (&#8222;utilizatori&#8221;).<\/li><\/ul>\n\n\n\n<ul><li>Informa\u021biile prezentate pe acest site au un scop exclusiv informativ.<\/li><\/ul>\n\n\n\n<ul><li>&#8222;Stati Holding&#8221; permite utilizatorilor s\u0103 viziteze site-ul \u0219i s\u0103 descarce \u0219i s\u0103 copieze informa\u021bii, documente \u0219i materiale (denumite \u00een mod colectiv &#8222;materiale&#8221;) de pe site pentru nevoile personale necomerciale ale utilizatorului, f\u0103r\u0103 dreptul de a le revinde sau distribui sau de a crea colec\u021bii, sau rezum\u00e2nd documente bazate pe acestea, \u00een conformitate cu condi\u021biile definite mai jos, precum \u0219i \u00een conformitate cu restric\u021bii mai specifice care se pot aplica materialelor de pe acest site;<\/li><\/ul>\n\n\n\n<ul><li>Compania &#8222;Stati Holding&#8221; administreaz\u0103 acest site.<br><br><\/li><\/ul>\n\n\n\n<p>Toate materialele &#8222;Stati Holding&#8221; postate pe acest site sunt supuse acestor termeni: <\/p>\n\n\n\n<p><\/p>\n\n\n\n<ul><li>cu excep\u021bia cazului \u00een care se prevede altfel \u00een mod expres, concluziile, interpret\u0103rile \u0219i concluziile con\u021binute \u00een materialele de pe acest site apar\u021bin unor angaja\u021bi ai &#8222;Stati Holding&#8221; care au preg\u0103tit materialele relevante \u0219i nu reflect\u0103 \u00een toate cazurile opinia &#8222;Stati Holding&#8221;.<\/li><\/ul>\n\n\n\n<h4 class=\"has-text-align-center\">DISCLAIMER:<\/h4>\n\n\n\n<p>Materialele oferite pe acest site sunt oferite &#8222;ca atare&#8221; f\u0103r\u0103 nicio garan\u021bie, fie exprimat\u0103, fie implicit\u0103, incluz\u00e2nd, f\u0103r\u0103 excep\u021bie, garan\u021bii de beneficii comerciale, beneficii pentru scopuri anume \u0219i nelimitare a oric\u0103ror drepturi.<\/p>\n\n\n\n<p>&#8222;Stati Holding&#8221; nu garanteaz\u0103 \u0219i nu \u00ee\u0219i asum\u0103 r\u0103spundere cu privire la acurate\u021bea sau caracterul complet al unui astfel de material.<\/p>\n\n\n\n<p>&#8222;Stati Holding&#8221; va suplimenta periodic, va modifica, va \u00eembun\u0103t\u0103\u021bi sau actualiza materialele de pe acest site f\u0103r\u0103 notificare prealabil\u0103.<\/p>\n\n\n\n<p>\u00cen niciun caz &#8222;Stati Holding&#8221; nu va fi responsabil\u0103 pentru orice pierdere, daun\u0103, r\u0103spundere civil\u0103 sau cheltuieli suportate, conform declara\u021biei, ca urmare a utiliz\u0103rii acestui site, inclusiv, f\u0103r\u0103 excep\u021bie, eventualele disfunc\u021bionalit\u0103\u021bi, erori, omisiuni, refuzuri sau \u00eent\u00e2rzieri.<\/p>\n\n\n\n<p>Utilizarea acestui site \u021bine exclusiv de riscul utilizatorului.<\/p>\n\n\n\n<p>\u00cen niciun caz, inclusiv, dar f\u0103r\u0103 a se limita la neglijen\u021b\u0103, &#8222;Stati Holding&#8221; sau filialele sale nu vor fi responsabili pentru niciun fel de daune directe, indirecte, accidentale, inten\u021bionate sau accidentale, chiar dac\u0103 &#8222;Stati Holding&#8221; a fost notificat\u0103 cu privire la posibilitatea unei astfel de daune.<\/p>\n\n\n\n<p>Utilizatorul este de acord \u00een mod expres \u0219i recunoa\u0219te c\u0103 &#8222;Stati Holding&#8221; nu este responsabil pentru comportamentul niciunui utilizator.<\/p>\n\n\n\n<p>Acest site poate con\u021bine sfaturi, opinii \u0219i declara\u021bii de la diferi\u021bi furnizori de informa\u021bii.<\/p>\n\n\n\n<p>&#8222;Stati Holding&#8221; nu determin\u0103 \u0219i nu sus\u021bine acurate\u021bea sau fiabilitatea oric\u0103ror sfaturi, opinii, declara\u021bii sau alte informa\u021bii furnizate de c\u0103tre orice furnizor de informa\u021bii, orice utilizator al acestui site sau orice alt\u0103 persoan\u0103 fizic\u0103 sau juridic\u0103. Utilizarea oric\u0103ror astfel de sfaturi, opinii, declara\u021bii sau alte informa\u021bii este pe propriul Dvs. risc. Nici &#8222;Stati Holding&#8221;, nici subdiviziunile sale sau niciunul dintre agen\u021bii, angaja\u021bii, furnizorii de informa\u021bii sau materiale respective nu sunt r\u0103spunz\u0103tori fa\u021b\u0103 de niciun utilizator sau orice alt\u0103 persoan\u0103 pentru inexactit\u0103\u021bi, erori, omisiuni, \u00eenc\u0103lc\u0103ri, \u0219tergeri, defecte, modific\u0103ri sau utilizarea oric\u0103ror materiale oferite sau pentru relevan\u021ba \u0219i acurate\u021bea lor \u0219i nu sunt responsabili pentru orice defec\u021biune, viru\u0219i computeriza\u021bi sau defec\u021biuni ale liniei de comunicare, indiferent de motiv sau de orice daune cauzate de aceasta.<\/p>\n","protected":false},"excerpt":{"rendered":"<p>Utilizarea acestui site web constituie un acord cu urm\u0103torii termeni: &#8222;Stati Holding&#8221; ofer\u0103 acces gratuit la acest site web (&#8222;site&#8221;) &hellip; <\/p>\n","protected":false},"author":1,"featured_media":0,"parent":0,"menu_order":0,"comment_status":"closed","ping_status":"closed","template":"","meta":[],"_links":{"self":[{"href":"https:\/\/statiholding.md\/ro\/wp-json\/wp\/v2\/pages\/1916"}],"collection":[{"href":"https:\/\/statiholding.md\/ro\/wp-json\/wp\/v2\/pages"}],"about":[{"href":"https:\/\/statiholding.md\/ro\/wp-json\/wp\/v2\/types\/page"}],"author":[{"embeddable":true,"href":"https:\/\/statiholding.md\/ro\/wp-json\/wp\/v2\/users\/1"}],"replies":[{"embeddable":true,"href":"https:\/\/statiholding.md\/ro\/wp-json\/wp\/v2\/comments?post=1916"}],"version-history":[{"count":5,"href":"https:\/\/statiholding.md\/ro\/wp-json\/wp\/v2\/pages\/1916\/revisions"}],"predecessor-version":[{"id":2327,"href":"https:\/\/statiholding.md\/ro\/wp-json\/wp\/v2\/pages\/1916\/revisions\/2327"}],"wp:attachment":[{"href":"https:\/\/statiholding.md\/ro\/wp-json\/wp\/v2\/media?parent=1916"}],"curies":[{"name":"wp","href":"https:\/\/api.w.org\/{rel}","templated":true}]}}